{"id":994,"date":"2024-09-24T15:13:54","date_gmt":"2024-09-24T15:13:54","guid":{"rendered":"https:\/\/excelente.xyz\/mx\/?page_id=994"},"modified":"2026-02-27T22:03:05","modified_gmt":"2026-02-27T22:03:05","slug":"producto","status":"publish","type":"page","link":"https:\/\/excelente.xyz\/mx\/producto\/","title":{"rendered":"Producto"},"content":{"rendered":"\t\t<div data-elementor-type=\"wp-page\" data-elementor-id=\"994\" class=\"elementor elementor-994\">\n\t\t\t\t<div class=\"elementor-element elementor-element-qyntm0k e-flex e-con-boxed e-con e-parent\" data-id=\"qyntm0k\" data-element_type=\"container\" data-e-type=\"container\" data-settings=\"{&quot;background_background&quot;:&quot;classic&quot;}\">\n\t\t\t\t\t<div class=\"e-con-inner\">\n\t\t<div class=\"elementor-element elementor-element-f343400 e-con-full e-flex e-con e-child\" data-id=\"f343400\" data-element_type=\"container\" data-e-type=\"container\">\n\t\t\t\t<div class=\"elementor-element elementor-element-5e370e0 elementor-invisible elementor-widget elementor-widget-heading\" data-id=\"5e370e0\" data-element_type=\"widget\" data-e-type=\"widget\" data-settings=\"{&quot;_animation&quot;:&quot;fadeIn&quot;,&quot;_animation_delay&quot;:600}\" data-widget_type=\"heading.default\">\n\t\t\t\t<div class=\"elementor-widget-container\">\n\t\t\t\t\t<h1 class=\"elementor-heading-title elementor-size-default\">Visi\u00f3n clara,estilo elegante <\/h1>\t\t\t\t<\/div>\n\t\t\t\t<\/div>\n\t\t\t\t<div class=\"elementor-element elementor-element-2d58d3a elementor-invisible elementor-widget elementor-widget-heading\" data-id=\"2d58d3a\" data-element_type=\"widget\" data-e-type=\"widget\" data-settings=\"{&quot;_animation&quot;:&quot;fadeIn&quot;,&quot;_animation_delay&quot;:1500}\" data-widget_type=\"heading.default\">\n\t\t\t\t<div class=\"elementor-widget-container\">\n\t\t\t\t\t<h1 class=\"elementor-heading-title elementor-size-default\">Acompa\u00f1\u00e1ndote en cada paso<\/h1>\t\t\t\t<\/div>\n\t\t\t\t<\/div>\n\t\t\t\t<\/div>\n\t\t\t\t\t<\/div>\n\t\t\t\t<\/div>\n\t\t<div class=\"elementor-element elementor-element-u510thk e-flex e-con-boxed e-con e-parent\" data-id=\"u510thk\" data-element_type=\"container\" data-e-type=\"container\">\n\t\t\t\t\t<div class=\"e-con-inner\">\n\t\t<div class=\"elementor-element elementor-element-e84a0e7 e-con-full e-flex e-con e-child\" data-id=\"e84a0e7\" data-element_type=\"container\" data-e-type=\"container\">\n\t\t\t\t<div class=\"elementor-element elementor-element-36e744c elementor-arrows-position-inside elementor-widget elementor-widget-image-carousel\" data-id=\"36e744c\" data-element_type=\"widget\" data-e-type=\"widget\" data-settings=\"{&quot;slides_to_show&quot;:&quot;5&quot;,&quot;slides_to_scroll_tablet&quot;:&quot;1&quot;,&quot;slides_to_scroll_mobile&quot;:&quot;1&quot;,&quot;navigation&quot;:&quot;arrows&quot;,&quot;slides_to_scroll&quot;:&quot;1&quot;,&quot;autoplay_speed&quot;:2000,&quot;autoplay&quot;:&quot;yes&quot;,&quot;pause_on_hover&quot;:&quot;yes&quot;,&quot;pause_on_interaction&quot;:&quot;yes&quot;,&quot;infinite&quot;:&quot;yes&quot;,&quot;speed&quot;:500}\" data-widget_type=\"image-carousel.default\">\n\t\t\t\t<div class=\"elementor-widget-container\">\n\t\t\t\t\t\t\t<div class=\"elementor-image-carousel-wrapper swiper\" role=\"region\" aria-roledescription=\"carousel\" aria-label=\"\u56fe\u50cf\u8f6e\u64ad\" dir=\"ltr\">\n\t\t\t<div class=\"elementor-image-carousel swiper-wrapper\" aria-live=\"off\">\n\t\t\t\t\t\t\t\t<div class=\"swiper-slide\" role=\"group\" aria-roledescription=\"slide\" aria-label=\"1 de 9\"><figure class=\"swiper-slide-inner\"><img decoding=\"async\" class=\"swiper-slide-image\" src=\"https:\/\/excelente.xyz\/mx\/wp-content\/uploads\/2024\/09\/O.png\" alt=\"O\" \/><\/figure><\/div><div class=\"swiper-slide\" role=\"group\" aria-roledescription=\"slide\" aria-label=\"2 de 9\"><figure class=\"swiper-slide-inner\"><img decoding=\"async\" class=\"swiper-slide-image\" src=\"https:\/\/excelente.xyz\/mx\/wp-content\/uploads\/2024\/09\/CARAZA.png\" alt=\"CARAZA\" \/><\/figure><\/div><div class=\"swiper-slide\" role=\"group\" aria-roledescription=\"slide\" aria-label=\"3 de 9\"><figure class=\"swiper-slide-inner\"><img decoding=\"async\" class=\"swiper-slide-image\" src=\"https:\/\/excelente.xyz\/mx\/wp-content\/uploads\/2024\/09\/HASHTAG.png\" alt=\"HASHTAG\" \/><\/figure><\/div><div class=\"swiper-slide\" role=\"group\" aria-roledescription=\"slide\" aria-label=\"4 de 9\"><figure class=\"swiper-slide-inner\"><img decoding=\"async\" class=\"swiper-slide-image\" src=\"https:\/\/excelente.xyz\/mx\/wp-content\/uploads\/2024\/09\/SENMA.png\" alt=\"SENMA\" \/><\/figure><\/div><div class=\"swiper-slide\" role=\"group\" aria-roledescription=\"slide\" aria-label=\"5 de 9\"><figure class=\"swiper-slide-inner\"><img decoding=\"async\" class=\"swiper-slide-image\" src=\"https:\/\/excelente.xyz\/mx\/wp-content\/uploads\/2024\/09\/INFONDI.png\" alt=\"INFONDI\" \/><\/figure><\/div><div class=\"swiper-slide\" role=\"group\" aria-roledescription=\"slide\" aria-label=\"6 de 9\"><figure class=\"swiper-slide-inner\"><img decoding=\"async\" class=\"swiper-slide-image\" src=\"https:\/\/excelente.xyz\/mx\/wp-content\/uploads\/2024\/09\/ZABDI.png\" alt=\"ZABDI\" \/><\/figure><\/div><div class=\"swiper-slide\" role=\"group\" aria-roledescription=\"slide\" aria-label=\"7 de 9\"><figure class=\"swiper-slide-inner\"><img decoding=\"async\" class=\"swiper-slide-image\" src=\"https:\/\/excelente.xyz\/mx\/wp-content\/uploads\/2024\/09\/CRISTAL.png\" alt=\"CRISTAL\" \/><\/figure><\/div><div class=\"swiper-slide\" role=\"group\" aria-roledescription=\"slide\" aria-label=\"8 de 9\"><figure class=\"swiper-slide-inner\"><img decoding=\"async\" class=\"swiper-slide-image\" src=\"https:\/\/excelente.xyz\/mx\/wp-content\/uploads\/2024\/09\/POLARIZ.png\" alt=\"POLARIZ\" \/><\/figure><\/div><div class=\"swiper-slide\" role=\"group\" aria-roledescription=\"slide\" aria-label=\"9 de 9\"><figure class=\"swiper-slide-inner\"><img decoding=\"async\" class=\"swiper-slide-image\" src=\"https:\/\/excelente.xyz\/mx\/wp-content\/uploads\/2024\/09\/ASUN.png\" alt=\"ASUN\" \/><\/figure><\/div>\t\t\t<\/div>\n\t\t\t\t\t\t\t\t\t\t\t\t<div class=\"elementor-swiper-button elementor-swiper-button-prev\" role=\"button\" tabindex=\"0\">\n\t\t\t\t\t\t<svg aria-hidden=\"true\" class=\"e-font-icon-svg e-eicon-chevron-left\" viewBox=\"0 0 1000 1000\" xmlns=\"http:\/\/www.w3.org\/2000\/svg\"><path d=\"M646 125C629 125 613 133 604 142L308 442C296 454 292 471 292 487 292 504 296 521 308 533L604 854C617 867 629 875 646 875 663 875 679 871 692 858 704 846 713 829 713 812 713 796 708 779 692 767L438 487 692 225C700 217 708 204 708 187 708 171 704 154 692 142 675 129 663 125 646 125Z\"><\/path><\/svg>\t\t\t\t\t<\/div>\n\t\t\t\t\t<div class=\"elementor-swiper-button elementor-swiper-button-next\" role=\"button\" tabindex=\"0\">\n\t\t\t\t\t\t<svg aria-hidden=\"true\" class=\"e-font-icon-svg e-eicon-chevron-right\" viewBox=\"0 0 1000 1000\" xmlns=\"http:\/\/www.w3.org\/2000\/svg\"><path d=\"M696 533C708 521 713 504 713 487 713 471 708 454 696 446L400 146C388 133 375 125 354 125 338 125 325 129 313 142 300 154 292 171 292 187 292 204 296 221 308 233L563 492 304 771C292 783 288 800 288 817 288 833 296 850 308 863 321 871 338 875 354 875 371 875 388 867 400 854L696 533Z\"><\/path><\/svg>\t\t\t\t\t<\/div>\n\t\t\t\t\n\t\t\t\t\t\t\t\t\t<\/div>\n\t\t\t\t\t\t<\/div>\n\t\t\t\t<\/div>\n\t\t\t\t<\/div>\n\t\t\t\t\t<\/div>\n\t\t\t\t<\/div>\n\t\t<div class=\"elementor-element elementor-element-1d3581d e-flex e-con-boxed e-con e-parent\" data-id=\"1d3581d\" data-element_type=\"container\" data-e-type=\"container\" data-settings=\"{&quot;background_background&quot;:&quot;classic&quot;}\">\n\t\t\t\t\t<div class=\"e-con-inner\">\n\t\t<div class=\"elementor-element elementor-element-9a4d8b2 e-con-full e-flex e-con e-child\" data-id=\"9a4d8b2\" data-element_type=\"container\" data-e-type=\"container\">\n\t\t\t\t<div class=\"elementor-element elementor-element-3e9ed09 e-transform elementor-widget elementor-widget-image\" data-id=\"3e9ed09\" data-element_type=\"widget\" data-e-type=\"widget\" data-settings=\"{&quot;_transform_scale_effect_hover&quot;:{&quot;unit&quot;:&quot;px&quot;,&quot;size&quot;:1.05,&quot;sizes&quot;:[]},&quot;_transform_scale_effect_hover_tablet&quot;:{&quot;unit&quot;:&quot;px&quot;,&quot;size&quot;:&quot;&quot;,&quot;sizes&quot;:[]},&quot;_transform_scale_effect_hover_mobile&quot;:{&quot;unit&quot;:&quot;px&quot;,&quot;size&quot;:&quot;&quot;,&quot;sizes&quot;:[]}}\" data-widget_type=\"image.default\">\n\t\t\t\t<div class=\"elementor-widget-container\">\n\t\t\t\t\t\t\t\t\t\t\t\t\t\t\t<img fetchpriority=\"high\" decoding=\"async\" width=\"1024\" height=\"683\" src=\"https:\/\/excelente.xyz\/mx\/wp-content\/uploads\/2024\/09\/IMG_0218-1024x683.jpg\" class=\"attachment-large size-large wp-image-1017\" alt=\"\" srcset=\"https:\/\/excelente.xyz\/mx\/wp-content\/uploads\/2024\/09\/IMG_0218-1024x683.jpg 1024w, https:\/\/excelente.xyz\/mx\/wp-content\/uploads\/2024\/09\/IMG_0218-300x200.jpg 300w, https:\/\/excelente.xyz\/mx\/wp-content\/uploads\/2024\/09\/IMG_0218-768x512.jpg 768w, https:\/\/excelente.xyz\/mx\/wp-content\/uploads\/2024\/09\/IMG_0218-1536x1024.jpg 1536w, https:\/\/excelente.xyz\/mx\/wp-content\/uploads\/2024\/09\/IMG_0218.jpg 1600w\" sizes=\"(max-width: 1024px) 100vw, 1024px\" \/>\t\t\t\t\t\t\t\t\t\t\t\t\t\t\t<\/div>\n\t\t\t\t<\/div>\n\t\t\t\t<\/div>\n\t\t<div class=\"elementor-element elementor-element-f159b97 e-con-full e-flex e-con e-child\" data-id=\"f159b97\" data-element_type=\"container\" data-e-type=\"container\">\n\t\t\t\t<div class=\"elementor-element elementor-element-a70d1ba elementor-widget elementor-widget-heading\" data-id=\"a70d1ba\" data-element_type=\"widget\" data-e-type=\"widget\" data-widget_type=\"heading.default\">\n\t\t\t\t<div class=\"elementor-widget-container\">\n\t\t\t\t\t<h2 class=\"elementor-heading-title elementor-size-default\">Armazon<\/h2>\t\t\t\t<\/div>\n\t\t\t\t<\/div>\n\t\t\t\t<div class=\"elementor-element elementor-element-e5f96bd elementor-widget elementor-widget-text-editor\" data-id=\"e5f96bd\" data-element_type=\"widget\" data-e-type=\"widget\" data-widget_type=\"text-editor.default\">\n\t\t\t\t<div class=\"elementor-widget-container\">\n\t\t\t\t\t\t\t\t\t<p>Incorporando la sabidur\u00eda de la ergonom\u00eda, exploramos en profundidad la comodidad al usar las gafas y estudiamos detenidamente cada detalle estructural. No solo seguimos las tendencias de moda, sino que tambi\u00e9n buscamos el equilibrio perfecto entre comodidad y belleza. No se trata solo de un accesorio de moda, sino de una combinaci\u00f3n perfecta de ergonom\u00eda, confort al llevarlas y dise\u00f1o preciso.<\/p>\t\t\t\t\t\t\t\t<\/div>\n\t\t\t\t<\/div>\n\t\t\t\t<\/div>\n\t\t\t\t\t<\/div>\n\t\t\t\t<\/div>\n\t\t<div class=\"elementor-element elementor-element-602511d e-flex e-con-boxed e-con e-parent\" data-id=\"602511d\" data-element_type=\"container\" data-e-type=\"container\">\n\t\t\t\t\t<div class=\"e-con-inner\">\n\t\t<div class=\"elementor-element elementor-element-517f839 e-con-full e-flex e-con e-child\" data-id=\"517f839\" data-element_type=\"container\" data-e-type=\"container\">\n\t\t\t\t<div class=\"elementor-element elementor-element-637aa11 elementor-widget elementor-widget-heading\" data-id=\"637aa11\" data-element_type=\"widget\" data-e-type=\"widget\" data-widget_type=\"heading.default\">\n\t\t\t\t<div class=\"elementor-widget-container\">\n\t\t\t\t\t<h2 class=\"elementor-heading-title elementor-size-default\">Lente de sol<\/h2>\t\t\t\t<\/div>\n\t\t\t\t<\/div>\n\t\t\t\t<div class=\"elementor-element elementor-element-7869669 elementor-widget elementor-widget-text-editor\" data-id=\"7869669\" data-element_type=\"widget\" data-e-type=\"widget\" data-widget_type=\"text-editor.default\">\n\t\t\t\t<div class=\"elementor-widget-container\">\n\t\t\t\t\t\t\t\t\t<p>Con m\u00e1s de 15 a\u00f1os de experiencia, estamos bien versados en la moda, seguimos las tendencias y constantemente innovamos en estilos de dise\u00f1o. Nos empe\u00f1amos en pulir cada par de gafas de sol con una fineza artesanal y luchamos por una excelente calidad. En la fusi\u00f3n de la moda y la artesan\u00eda, te mostramos el encanto de cada par de gafas de sol.<\/p>\t\t\t\t\t\t\t\t<\/div>\n\t\t\t\t<\/div>\n\t\t\t\t<\/div>\n\t\t<div class=\"elementor-element elementor-element-2787b79 e-con-full e-flex e-con e-child\" data-id=\"2787b79\" data-element_type=\"container\" data-e-type=\"container\">\n\t\t\t\t<div class=\"elementor-element elementor-element-ba1ce9f e-transform elementor-widget elementor-widget-image\" data-id=\"ba1ce9f\" data-element_type=\"widget\" data-e-type=\"widget\" data-settings=\"{&quot;_transform_scale_effect_hover&quot;:{&quot;unit&quot;:&quot;px&quot;,&quot;size&quot;:1.05,&quot;sizes&quot;:[]},&quot;_transform_scale_effect_hover_tablet&quot;:{&quot;unit&quot;:&quot;px&quot;,&quot;size&quot;:&quot;&quot;,&quot;sizes&quot;:[]},&quot;_transform_scale_effect_hover_mobile&quot;:{&quot;unit&quot;:&quot;px&quot;,&quot;size&quot;:&quot;&quot;,&quot;sizes&quot;:[]}}\" data-widget_type=\"image.default\">\n\t\t\t\t<div class=\"elementor-widget-container\">\n\t\t\t\t\t\t\t\t\t\t\t\t\t\t\t<img decoding=\"async\" width=\"1024\" height=\"616\" src=\"https:\/\/excelente.xyz\/mx\/wp-content\/uploads\/2024\/09\/Image_20240924113106-1024x616.jpg\" class=\"attachment-large size-large wp-image-1018\" alt=\"\" srcset=\"https:\/\/excelente.xyz\/mx\/wp-content\/uploads\/2024\/09\/Image_20240924113106-1024x616.jpg 1024w, https:\/\/excelente.xyz\/mx\/wp-content\/uploads\/2024\/09\/Image_20240924113106-300x180.jpg 300w, https:\/\/excelente.xyz\/mx\/wp-content\/uploads\/2024\/09\/Image_20240924113106-768x462.jpg 768w, https:\/\/excelente.xyz\/mx\/wp-content\/uploads\/2024\/09\/Image_20240924113106-1536x923.jpg 1536w, https:\/\/excelente.xyz\/mx\/wp-content\/uploads\/2024\/09\/Image_20240924113106-2048x1231.jpg 2048w\" sizes=\"(max-width: 1024px) 100vw, 1024px\" \/>\t\t\t\t\t\t\t\t\t\t\t\t\t\t\t<\/div>\n\t\t\t\t<\/div>\n\t\t\t\t<\/div>\n\t\t\t\t\t<\/div>\n\t\t\t\t<\/div>\n\t\t<div class=\"elementor-element elementor-element-8abd375 e-flex e-con-boxed e-con e-parent\" data-id=\"8abd375\" data-element_type=\"container\" data-e-type=\"container\" data-settings=\"{&quot;background_background&quot;:&quot;classic&quot;}\">\n\t\t\t\t\t<div class=\"e-con-inner\">\n\t\t<div class=\"elementor-element elementor-element-6b73557 e-con-full e-flex e-con e-child\" data-id=\"6b73557\" data-element_type=\"container\" data-e-type=\"container\">\n\t\t\t\t<div class=\"elementor-element elementor-element-8fa498d e-transform elementor-widget elementor-widget-image\" data-id=\"8fa498d\" data-element_type=\"widget\" data-e-type=\"widget\" data-settings=\"{&quot;_transform_scale_effect_hover&quot;:{&quot;unit&quot;:&quot;px&quot;,&quot;size&quot;:1.05,&quot;sizes&quot;:[]},&quot;_transform_scale_effect_hover_tablet&quot;:{&quot;unit&quot;:&quot;px&quot;,&quot;size&quot;:&quot;&quot;,&quot;sizes&quot;:[]},&quot;_transform_scale_effect_hover_mobile&quot;:{&quot;unit&quot;:&quot;px&quot;,&quot;size&quot;:&quot;&quot;,&quot;sizes&quot;:[]}}\" data-widget_type=\"image.default\">\n\t\t\t\t<div class=\"elementor-widget-container\">\n\t\t\t\t\t\t\t\t\t\t\t\t\t\t\t<img decoding=\"async\" width=\"1024\" height=\"641\" src=\"https:\/\/excelente.xyz\/mx\/wp-content\/uploads\/2024\/09\/infondi-1024x641.jpg\" class=\"attachment-large size-large wp-image-1020\" alt=\"\" srcset=\"https:\/\/excelente.xyz\/mx\/wp-content\/uploads\/2024\/09\/infondi-1024x641.jpg 1024w, https:\/\/excelente.xyz\/mx\/wp-content\/uploads\/2024\/09\/infondi-300x188.jpg 300w, https:\/\/excelente.xyz\/mx\/wp-content\/uploads\/2024\/09\/infondi-768x481.jpg 768w, https:\/\/excelente.xyz\/mx\/wp-content\/uploads\/2024\/09\/infondi.jpg 1280w\" sizes=\"(max-width: 1024px) 100vw, 1024px\" \/>\t\t\t\t\t\t\t\t\t\t\t\t\t\t\t<\/div>\n\t\t\t\t<\/div>\n\t\t\t\t<\/div>\n\t\t<div class=\"elementor-element elementor-element-1991e9f e-con-full e-flex e-con e-child\" data-id=\"1991e9f\" data-element_type=\"container\" data-e-type=\"container\">\n\t\t\t\t<div class=\"elementor-element elementor-element-4c1955b elementor-widget elementor-widget-heading\" data-id=\"4c1955b\" data-element_type=\"widget\" data-e-type=\"widget\" data-widget_type=\"heading.default\">\n\t\t\t\t<div class=\"elementor-widget-container\">\n\t\t\t\t\t<h2 class=\"elementor-heading-title elementor-size-default\">Mica<\/h2>\t\t\t\t<\/div>\n\t\t\t\t<\/div>\n\t\t\t\t<div class=\"elementor-element elementor-element-ba5fe3d elementor-widget elementor-widget-text-editor\" data-id=\"ba5fe3d\" data-element_type=\"widget\" data-e-type=\"widget\" data-widget_type=\"text-editor.default\">\n\t\t\t\t<div class=\"elementor-widget-container\">\n\t\t\t\t\t\t\t\t\t<p>Somos conscientes de la importancia de las lentes en las gafas, por lo que nos enfocamos en desarrollar lentes de alta calidad, combinando tecnolog\u00eda \u00f3ptica avanzada con materiales de primera. Cada lente pasa por rigurosas pruebas para garantizar un rendimiento visual excepcional y durabilidad. No solo nos preocupamos por la funcionalidad, sino tambi\u00e9n por la ligereza y comodidad de las lentes, buscando que el usuario obtenga una visi\u00f3n clara y una experiencia \u00f3ptima en su vida diaria. A trav\u00e9s de la innovaci\u00f3n constante y el dise\u00f1o, nos dedicamos a ofrecerle la mejor experiencia visual, haciendo que cada mirada sea clara y hermosa.<\/p>\t\t\t\t\t\t\t\t<\/div>\n\t\t\t\t<\/div>\n\t\t\t\t<\/div>\n\t\t\t\t\t<\/div>\n\t\t\t\t<\/div>\n\t\t<div class=\"elementor-element elementor-element-d410607 e-flex e-con-boxed e-con e-parent\" data-id=\"d410607\" data-element_type=\"container\" data-e-type=\"container\">\n\t\t\t\t\t<div class=\"e-con-inner\">\n\t\t<div class=\"elementor-element elementor-element-058a784 e-con-full e-flex e-con e-child\" data-id=\"058a784\" data-element_type=\"container\" data-e-type=\"container\">\n\t\t\t\t<div class=\"elementor-element elementor-element-3e147fd elementor-widget elementor-widget-heading\" data-id=\"3e147fd\" data-element_type=\"widget\" data-e-type=\"widget\" data-widget_type=\"heading.default\">\n\t\t\t\t<div class=\"elementor-widget-container\">\n\t\t\t\t\t<h2 class=\"elementor-heading-title elementor-size-default\">Lente de lectura<\/h2>\t\t\t\t<\/div>\n\t\t\t\t<\/div>\n\t\t\t\t<div class=\"elementor-element elementor-element-2c4a1e2 elementor-widget elementor-widget-text-editor\" data-id=\"2c4a1e2\" data-element_type=\"widget\" data-e-type=\"widget\" data-widget_type=\"text-editor.default\">\n\t\t\t\t<div class=\"elementor-widget-container\">\n\t\t\t\t\t\t\t\t\t<p>A medida que el tiempo pasa, los cambios en nuestra visi\u00f3n son un proceso natural. Nuestras gafas de lectura est\u00e1n dise\u00f1adas cuidadosamente para ofrecerle una visi\u00f3n m\u00e1s clara a corta distancia. Fusionando estilo y funcionalidad, nuestras gafas de lectura no solo satisfacen sus necesidades visuales, sino que tambi\u00e9n son la elecci\u00f3n ideal para mejorar su calidad de vida. Prestamos atenci\u00f3n a cada detalle, desde la ligereza del marco hasta la precisi\u00f3n de las lentes, buscando que disfrute del placer de leer y trabajar con comodidad. Cada par de gafas de lectura es una expresi\u00f3n del amor por la vida, permiti\u00e9ndole ver la belleza en cada momento con claridad.<\/p>\t\t\t\t\t\t\t\t<\/div>\n\t\t\t\t<\/div>\n\t\t\t\t<\/div>\n\t\t<div class=\"elementor-element elementor-element-a6f0556 e-con-full e-flex e-con e-child\" data-id=\"a6f0556\" data-element_type=\"container\" data-e-type=\"container\">\n\t\t\t\t<div class=\"elementor-element elementor-element-6e1bf1c e-transform elementor-widget elementor-widget-image\" data-id=\"6e1bf1c\" data-element_type=\"widget\" data-e-type=\"widget\" data-settings=\"{&quot;_transform_scale_effect_hover&quot;:{&quot;unit&quot;:&quot;px&quot;,&quot;size&quot;:1.05,&quot;sizes&quot;:[]},&quot;_transform_scale_effect_hover_tablet&quot;:{&quot;unit&quot;:&quot;px&quot;,&quot;size&quot;:&quot;&quot;,&quot;sizes&quot;:[]},&quot;_transform_scale_effect_hover_mobile&quot;:{&quot;unit&quot;:&quot;px&quot;,&quot;size&quot;:&quot;&quot;,&quot;sizes&quot;:[]}}\" data-widget_type=\"image.default\">\n\t\t\t\t<div class=\"elementor-widget-container\">\n\t\t\t\t\t\t\t\t\t\t\t\t\t\t\t<img loading=\"lazy\" decoding=\"async\" width=\"1024\" height=\"630\" src=\"https:\/\/excelente.xyz\/mx\/wp-content\/uploads\/2024\/09\/Image_20240924113634-1024x630.jpg\" class=\"attachment-large size-large wp-image-1021\" alt=\"\" srcset=\"https:\/\/excelente.xyz\/mx\/wp-content\/uploads\/2024\/09\/Image_20240924113634-1024x630.jpg 1024w, https:\/\/excelente.xyz\/mx\/wp-content\/uploads\/2024\/09\/Image_20240924113634-300x185.jpg 300w, https:\/\/excelente.xyz\/mx\/wp-content\/uploads\/2024\/09\/Image_20240924113634-768x473.jpg 768w, https:\/\/excelente.xyz\/mx\/wp-content\/uploads\/2024\/09\/Image_20240924113634.jpg 1280w\" sizes=\"(max-width: 1024px) 100vw, 1024px\" \/>\t\t\t\t\t\t\t\t\t\t\t\t\t\t\t<\/div>\n\t\t\t\t<\/div>\n\t\t\t\t<\/div>\n\t\t\t\t\t<\/div>\n\t\t\t\t<\/div>\n\t\t\t\t<\/div>\n\t\t","protected":false},"excerpt":{"rendered":"<p>Visi\u00f3n clara,estilo elegante Acompa\u00f1\u00e1ndote en cada paso Armazon Incorporando la sabidur\u00eda de la ergonom\u00eda, exploramos en profundidad la comodidad al usar las gafas y estudiamos detenidamente cada detalle estructural. No solo seguimos las tendencias de moda, sino que tambi\u00e9n buscamos el equilibrio perfecto entre comodidad y belleza. No se trata solo de un accesorio de [&hellip;]<\/p>\n","protected":false},"author":1,"featured_media":0,"parent":0,"menu_order":0,"comment_status":"closed","ping_status":"closed","template":"","meta":{"footnotes":""},"class_list":["post-994","page","type-page","status-publish","hentry"],"blocksy_meta":{"has_hero_section":"enabled","hero_elements":[{"id":"custom_title","enabled":false,"heading_tag":"h1","title":"\u9996\u9875","__id":"tPf_W5Vog8B1_UqEJ938t"},{"id":"custom_description","enabled":false,"description_visibility":{"desktop":true,"tablet":true,"mobile":false},"__id":"3shPWbJmEo5v2wwbReML-"},{"id":"custom_meta","enabled":false,"meta_elements":[{"id":"author","enabled":true,"label":"\u6765\u81ea","has_author_avatar":"yes","avatar_size":25},{"id":"post_date","enabled":true,"label":"\u5728","date_format_source":"default","date_format":"M j, Y"},{"id":"updated_date","enabled":false,"label":"\u5728","date_format_source":"default","date_format":"M j, Y"},{"id":"categories","enabled":false,"label":"\u5728","style":"simple"},{"id":"comments","enabled":true}],"page_meta_elements":{"joined":true,"articles_count":true,"comments":true},"__id":"nqAT0KcNIaoxES8ZUDwia"},{"id":"breadcrumbs","enabled":false,"__id":"ojiB12os8y7YThcaBX5EN"}],"styles_descriptor":{"styles":{"desktop":"[data-prefix=\"single_page\"] .entry-header .page-title {--theme-font-size:30px;} [data-prefix=\"single_page\"] .entry-header .entry-meta {--theme-font-weight:600;--theme-text-transform:uppercase;--theme-font-size:12px;--theme-line-height:1.3;}","tablet":"","mobile":""},"google_fonts":{"Roboto":["n4","n6"]},"version":6}},"_links":{"self":[{"href":"https:\/\/excelente.xyz\/mx\/wp-json\/wp\/v2\/pages\/994","targetHints":{"allow":["GET"]}}],"collection":[{"href":"https:\/\/excelente.xyz\/mx\/wp-json\/wp\/v2\/pages"}],"about":[{"href":"https:\/\/excelente.xyz\/mx\/wp-json\/wp\/v2\/types\/page"}],"author":[{"embeddable":true,"href":"https:\/\/excelente.xyz\/mx\/wp-json\/wp\/v2\/users\/1"}],"replies":[{"embeddable":true,"href":"https:\/\/excelente.xyz\/mx\/wp-json\/wp\/v2\/comments?post=994"}],"version-history":[{"count":38,"href":"https:\/\/excelente.xyz\/mx\/wp-json\/wp\/v2\/pages\/994\/revisions"}],"predecessor-version":[{"id":1449,"href":"https:\/\/excelente.xyz\/mx\/wp-json\/wp\/v2\/pages\/994\/revisions\/1449"}],"wp:attachment":[{"href":"https:\/\/excelente.xyz\/mx\/wp-json\/wp\/v2\/media?parent=994"}],"curies":[{"name":"wp","href":"https:\/\/api.w.org\/{rel}","templated":true}]}}